{"id":2,"date":"2025-01-16T15:05:51","date_gmt":"2025-01-16T15:05:51","guid":{"rendered":"https:\/\/clinicadentaltxabarri.rkinformatika.online\/?page_id=2"},"modified":"2025-04-22T14:18:32","modified_gmt":"2025-04-22T14:18:32","slug":"inicio","status":"publish","type":"page","link":"https:\/\/clinicadentaltxabarri.com\/eu\/","title":{"rendered":"Hasiera"},"content":{"rendered":"<div data-elementor-type=\"wp-page\" data-elementor-id=\"2\" class=\"elementor elementor-2\" data-elementor-post-type=\"page\">\n\t\t\t\t<div class=\"elementor-element elementor-element-8027e83 elementor-hidden-mobile e-flex e-con-boxed e-con e-parent\" data-id=\"8027e83\" data-element_type=\"container\" data-e-type=\"container\" data-settings=\"{&quot;background_background&quot;:&quot;classic&quot;}\">\n\t\t\t\t\t<div class=\"e-con-inner\">\n\t\t\t\t<div class=\"elementor-element elementor-element-f3b0c73 elementor-widget elementor-widget-heading\" data-id=\"f3b0c73\" data-element_type=\"widget\" data-e-type=\"widget\" data-widget_type=\"heading.default\">\n\t\t\t\t<div class=\"elementor-widget-container\">\n\t\t\t\t\t<h2 class=\"elementor-heading-title elementor-size-default\">Irribarre egin konfiantzaz, esku onetan zaude<\/h2>\t\t\t\t<\/div>\n\t\t\t\t<\/div>\n\t\t\t\t\t<\/div>\n\t\t\t\t<\/div>\n\t\t<div class=\"elementor-element elementor-element-9d22f51 elementor-hidden-desktop elementor-hidden-tablet e-flex e-con-boxed e-con e-parent\" data-id=\"9d22f51\" data-element_type=\"container\" data-e-type=\"container\" data-settings=\"{&quot;background_background&quot;:&quot;classic&quot;}\">\n\t\t\t\t\t<div class=\"e-con-inner\">\n\t\t\t\t<div class=\"elementor-element elementor-element-b8e7cf6 elementor-widget elementor-widget-heading\" data-id=\"b8e7cf6\" data-element_type=\"widget\" data-e-type=\"widget\" data-widget_type=\"heading.default\">\n\t\t\t\t<div class=\"elementor-widget-container\">\n\t\t\t\t\t<h2 class=\"elementor-heading-title elementor-size-default\">Irribarre egin konfiantzaz, esku onetan zaude<\/h2>\t\t\t\t<\/div>\n\t\t\t\t<\/div>\n\t\t\t\t\t<\/div>\n\t\t\t\t<\/div>\n\t\t<div class=\"elementor-element elementor-element-6f263a6 e-flex e-con-boxed e-con e-parent\" data-id=\"6f263a6\" data-element_type=\"container\" data-e-type=\"container\">\n\t\t\t\t\t<div class=\"e-con-inner\">\n\t\t<div class=\"elementor-element elementor-element-1297a16 e-con-full e-flex e-con e-child\" data-id=\"1297a16\" data-element_type=\"container\" data-e-type=\"container\">\n\t\t\t\t<div class=\"elementor-element elementor-element-a4cd810 elementor-widget elementor-widget-heading\" data-id=\"a4cd810\" data-element_type=\"widget\" data-e-type=\"widget\" data-widget_type=\"heading.default\">\n\t\t\t\t<div class=\"elementor-widget-container\">\n\t\t\t\t\t<h2 class=\"elementor-heading-title elementor-size-default\">Nor Gara?<\/h2>\t\t\t\t<\/div>\n\t\t\t\t<\/div>\n\t\t\t\t<div class=\"elementor-element elementor-element-0790498 elementor-widget elementor-widget-text-editor\" data-id=\"0790498\" data-element_type=\"widget\" data-e-type=\"widget\" data-widget_type=\"text-editor.default\">\n\t\t\t\t<div class=\"elementor-widget-container\">\n\t\t\t\t\t\t\t\t\t<p>Txabarri <em><strong>Hortz Klinikan<\/strong><\/em> 20 urte baino gehiagoko esperientzia dugu hortz-inplantologian. Gure profesional taldeak kalitate handiko materialak eta teknologia aurreratua erabiltzen ditu emaitza estetikoak eta funtzionalak bermatzeko. Inplanteak jartzeak zientzia, esperientzia eta zehaztasun klinikoa uztartzen ditu. Gure helburua da behar duzun informazio guztia ematea, gure espezialistekin batera erabaki seguruak har ditzazun.<\/p>\t\t\t\t\t\t\t\t<\/div>\n\t\t\t\t<\/div>\n\t\t\t\t<\/div>\n\t\t<div class=\"elementor-element elementor-element-e3e0f13 e-con-full e-flex e-con e-child\" data-id=\"e3e0f13\" data-element_type=\"container\" data-e-type=\"container\">\n\t\t\t\t<div class=\"elementor-element elementor-element-3a224ea elementor-widget elementor-widget-image\" data-id=\"3a224ea\" data-element_type=\"widget\" data-e-type=\"widget\" data-widget_type=\"image.default\">\n\t\t\t\t<div class=\"elementor-widget-container\">\n\t\t\t\t\t\t\t\t\t\t\t\t\t\t\t<img fetchpriority=\"high\" decoding=\"async\" width=\"680\" height=\"314\" src=\"https:\/\/clinicadentaltxabarri.com\/wp-content\/uploads\/2025\/04\/2020-11-25.jpg\" class=\"attachment-full size-full wp-image-243\" alt=\"\" srcset=\"https:\/\/clinicadentaltxabarri.com\/wp-content\/uploads\/2025\/04\/2020-11-25.jpg 680w, https:\/\/clinicadentaltxabarri.com\/wp-content\/uploads\/2025\/04\/2020-11-25-300x139.jpg 300w, https:\/\/clinicadentaltxabarri.com\/wp-content\/uploads\/2025\/04\/2020-11-25-18x8.jpg 18w\" sizes=\"(max-width: 680px) 100vw, 680px\" \/>\t\t\t\t\t\t\t\t\t\t\t\t\t\t\t<\/div>\n\t\t\t\t<\/div>\n\t\t\t\t<\/div>\n\t\t\t\t\t<\/div>\n\t\t\t\t<\/div>\n\t\t<div class=\"elementor-element elementor-element-af11e02 e-flex e-con-boxed e-con e-parent\" data-id=\"af11e02\" data-element_type=\"container\" data-e-type=\"container\" data-settings=\"{&quot;background_background&quot;:&quot;classic&quot;}\">\n\t\t\t\t\t<div class=\"e-con-inner\">\n\t\t<div class=\"elementor-element elementor-element-bb9c4de e-con-full e-flex e-con e-child\" data-id=\"bb9c4de\" data-element_type=\"container\" data-e-type=\"container\">\n\t\t\t\t<div class=\"elementor-element elementor-element-344c814 elementor-widget elementor-widget-heading\" data-id=\"344c814\" data-element_type=\"widget\" data-e-type=\"widget\" data-widget_type=\"heading.default\">\n\t\t\t\t<div class=\"elementor-widget-container\">\n\t\t\t\t\t<h2 class=\"elementor-heading-title elementor-size-default\">Zer egin dezakegu zugatik?<\/h2>\t\t\t\t<\/div>\n\t\t\t\t<\/div>\n\t\t\t\t<\/div>\n\t\t<div class=\"elementor-element elementor-element-e2b380a e-con-full e-flex e-con e-child\" data-id=\"e2b380a\" data-element_type=\"container\" data-e-type=\"container\">\n\t\t\t\t<div class=\"elementor-element elementor-element-3f861c5 elementor-widget elementor-widget-text-editor\" data-id=\"3f861c5\" data-element_type=\"widget\" data-e-type=\"widget\" data-widget_type=\"text-editor.default\">\n\t\t\t\t<div class=\"elementor-widget-container\">\n\t\t\t\t\t\t\t\t\t<ul><li>\u00a0<strong data-start=\"140\" data-end=\"162\">Hortz-inplanteak<\/strong><\/li><li data-start=\"236\" data-end=\"348\"><strong data-start=\"236\" data-end=\"250\">Ortodontzia<\/strong><\/li><li data-start=\"353\" data-end=\"466\"><strong data-start=\"353\" data-end=\"394\">Endodontzia (hodien tratamendua)<\/strong><\/li><li data-start=\"471\" data-end=\"578\"><strong data-start=\"471\" data-end=\"486\">Periodontzia<\/strong><\/li><li data-start=\"583\" data-end=\"679\"><strong data-start=\"583\" data-end=\"602\">Hortzen estetika<\/strong><\/li><\/ul>\t\t\t\t\t\t\t\t<\/div>\n\t\t\t\t<\/div>\n\t\t\t\t<\/div>\n\t\t<div class=\"elementor-element elementor-element-a97567c e-con-full e-flex e-con e-child\" data-id=\"a97567c\" data-element_type=\"container\" data-e-type=\"container\">\n\t\t\t\t<div class=\"elementor-element elementor-element-1a1113c elementor-widget elementor-widget-text-editor\" data-id=\"1a1113c\" data-element_type=\"widget\" data-e-type=\"widget\" data-widget_type=\"text-editor.default\">\n\t\t\t\t<div class=\"elementor-widget-container\">\n\t\t\t\t\t\t\t\t\t<ul><li data-start=\"684\" data-end=\"797\"><strong data-start=\"684\" data-end=\"712\">Odontologia kontserbatzailea<\/strong><\/li><li class=\"\" data-start=\"799\" data-end=\"889\"><p class=\"\" data-start=\"802\" data-end=\"889\"><strong data-start=\"802\" data-end=\"823\">Hortz-protesiak<\/strong><\/p><\/li><li class=\"\" data-start=\"891\" data-end=\"981\"><p class=\"\" data-start=\"894\" data-end=\"981\"><strong data-start=\"894\" data-end=\"924\">Hortz-higiene profesionala<\/strong>.<\/p><\/li><li class=\"\" data-start=\"983\" data-end=\"1072\"><p class=\"\" data-start=\"986\" data-end=\"1072\"><strong data-start=\"986\" data-end=\"1002\">Ahoko kirurgia<\/strong><\/p><\/li><li class=\"\" data-start=\"1074\" data-end=\"1187\"><p class=\"\" data-start=\"1078\" data-end=\"1187\"><strong data-start=\"1078\" data-end=\"1097\">Odontopediatria<\/strong><\/p><\/li><\/ul>\t\t\t\t\t\t\t\t<\/div>\n\t\t\t\t<\/div>\n\t\t\t\t<\/div>\n\t\t\t\t\t<\/div>\n\t\t\t\t<\/div>\n\t\t<div class=\"elementor-element elementor-element-26c9666 e-flex e-con-boxed e-con e-parent\" data-id=\"26c9666\" data-element_type=\"container\" data-e-type=\"container\" data-settings=\"{&quot;background_background&quot;:&quot;classic&quot;}\">\n\t\t\t\t\t<div class=\"e-con-inner\">\n\t\t\t\t<div class=\"elementor-element elementor-element-2846a30 elementor-widget elementor-widget-heading\" data-id=\"2846a30\" data-element_type=\"widget\" data-e-type=\"widget\" data-widget_type=\"heading.default\">\n\t\t\t\t<div class=\"elementor-widget-container\">\n\t\t\t\t\t<h2 class=\"elementor-heading-title elementor-size-default\">Abangoardiako odontologia tratu pertsonalizatuarekin<\/h2>\t\t\t\t<\/div>\n\t\t\t\t<\/div>\n\t\t<div class=\"elementor-element elementor-element-ee2ab10 e-con-full e-flex e-con e-child\" data-id=\"ee2ab10\" data-element_type=\"container\" data-e-type=\"container\">\n\t\t\t\t<div class=\"elementor-element elementor-element-4ab6f23 elementor-widget elementor-widget-heading\" data-id=\"4ab6f23\" data-element_type=\"widget\" data-e-type=\"widget\" data-widget_type=\"heading.default\">\n\t\t\t\t<div class=\"elementor-widget-container\">\n\t\t\t\t\t<h2 class=\"elementor-heading-title elementor-size-default\">Inplanteetan eta odontologia integralean adituak<\/h2>\t\t\t\t<\/div>\n\t\t\t\t<\/div>\n\t\t\t\t<div class=\"elementor-element elementor-element-869129b elementor-align-center elementor-widget elementor-widget-button\" data-id=\"869129b\" data-element_type=\"widget\" data-e-type=\"widget\" data-widget_type=\"button.default\">\n\t\t\t\t<div class=\"elementor-widget-container\">\n\t\t\t\t\t\t\t\t\t<div class=\"elementor-button-wrapper\">\n\t\t\t\t\t<a class=\"elementor-button elementor-button-link elementor-size-sm elementor-animation-pulse-grow\" href=\"https:\/\/clinicadentaltxabarri.com\/eu\/contacto\/\">\n\t\t\t\t\t\t<span class=\"elementor-button-content-wrapper\">\n\t\t\t\t\t\t\t\t\t<span class=\"elementor-button-text\">Jarri gurekin harremanetan<\/span>\n\t\t\t\t\t<\/span>\n\t\t\t\t\t<\/a>\n\t\t\t\t<\/div>\n\t\t\t\t\t\t\t\t<\/div>\n\t\t\t\t<\/div>\n\t\t\t\t<\/div>\n\t\t\t\t\t<\/div>\n\t\t\t\t<\/div>\n\t\t\t\t<\/div>","protected":false},"excerpt":{"rendered":"<p>Sonr\u00ede con confianza, est\u00e1s en buenas manos Sonr\u00ede con confianza, est\u00e1s en buenas manos \u00bfQuienes Somos? En Cl\u00ednica Dental Txabarri contamos con m\u00e1s de 20 a\u00f1os de experiencia en implantolog\u00eda dental. Nuestro equipo de profesionales utiliza materiales de alta calidad y tecnolog\u00eda avanzada para garantizar resultados est\u00e9ticos y funcionales. La colocaci\u00f3n de implantes combina ciencia, [&hellip;]<\/p>\n","protected":false},"author":1,"featured_media":0,"parent":0,"menu_order":0,"comment_status":"closed","ping_status":"closed","template":"elementor_canvas","meta":{"_eb_attr":"","footnotes":""},"class_list":["post-2","page","type-page","status-publish","hentry"],"yoast_head":"<!-- This site is optimized with the Yoast SEO plugin v27.5 - https:\/\/yoast.com\/product\/yoast-seo-wordpress\/ -->\n<title>Inicio - Cl\u00ednica Dental Txabarri<\/title>\n<meta name=\"robots\" content=\"index, follow, max-snippet:-1, max-image-preview:large, max-video-preview:-1\" \/>\n<link rel=\"canonical\" href=\"https:\/\/clinicadentaltxabarri.com\/eu\/\" \/>\n<meta property=\"og:locale\" content=\"en_US\" \/>\n<meta property=\"og:type\" content=\"article\" \/>\n<meta property=\"og:title\" content=\"Inicio - Cl\u00ednica Dental Txabarri\" \/>\n<meta property=\"og:description\" content=\"Sonr\u00ede con confianza, est\u00e1s en buenas manos Sonr\u00ede con confianza, est\u00e1s en buenas manos \u00bfQuienes Somos? En Cl\u00ednica Dental Txabarri contamos con m\u00e1s de 20 a\u00f1os de experiencia en implantolog\u00eda dental. Nuestro equipo de profesionales utiliza materiales de alta calidad y tecnolog\u00eda avanzada para garantizar resultados est\u00e9ticos y funcionales. La colocaci\u00f3n de implantes combina ciencia, [&hellip;]\" \/>\n<meta property=\"og:url\" content=\"https:\/\/clinicadentaltxabarri.com\/eu\/\" \/>\n<meta property=\"og:site_name\" content=\"Cl\u00ednica Dental Txabarri\" \/>\n<meta property=\"article:modified_time\" content=\"2025-04-22T14:18:32+00:00\" \/>\n<meta property=\"og:image\" content=\"https:\/\/clinicadentaltxabarri.com\/wp-content\/uploads\/2025\/04\/2020-11-25.jpg\" \/>\n<meta name=\"twitter:card\" content=\"summary_large_image\" \/>\n<meta name=\"twitter:label1\" content=\"Est. reading time\" \/>\n\t<meta name=\"twitter:data1\" content=\"1 minutua\" \/>\n<script type=\"application\/ld+json\" class=\"yoast-schema-graph\">{\"@context\":\"https:\\\/\\\/schema.org\",\"@graph\":[{\"@type\":\"WebPage\",\"@id\":\"https:\\\/\\\/clinicadentaltxabarri.com\\\/\",\"url\":\"https:\\\/\\\/clinicadentaltxabarri.com\\\/\",\"name\":\"Inicio - Cl\u00ednica Dental Txabarri\",\"isPartOf\":{\"@id\":\"https:\\\/\\\/clinicadentaltxabarri.com\\\/#website\"},\"primaryImageOfPage\":{\"@id\":\"https:\\\/\\\/clinicadentaltxabarri.com\\\/#primaryimage\"},\"image\":{\"@id\":\"https:\\\/\\\/clinicadentaltxabarri.com\\\/#primaryimage\"},\"thumbnailUrl\":\"https:\\\/\\\/clinicadentaltxabarri.com\\\/wp-content\\\/uploads\\\/2025\\\/04\\\/2020-11-25.jpg\",\"datePublished\":\"2025-01-16T15:05:51+00:00\",\"dateModified\":\"2025-04-22T14:18:32+00:00\",\"breadcrumb\":{\"@id\":\"https:\\\/\\\/clinicadentaltxabarri.com\\\/#breadcrumb\"},\"inLanguage\":\"eu\",\"potentialAction\":[{\"@type\":\"ReadAction\",\"target\":[\"https:\\\/\\\/clinicadentaltxabarri.com\\\/\"]}]},{\"@type\":\"ImageObject\",\"inLanguage\":\"eu\",\"@id\":\"https:\\\/\\\/clinicadentaltxabarri.com\\\/#primaryimage\",\"url\":\"https:\\\/\\\/clinicadentaltxabarri.com\\\/wp-content\\\/uploads\\\/2025\\\/04\\\/2020-11-25.jpg\",\"contentUrl\":\"https:\\\/\\\/clinicadentaltxabarri.com\\\/wp-content\\\/uploads\\\/2025\\\/04\\\/2020-11-25.jpg\"},{\"@type\":\"BreadcrumbList\",\"@id\":\"https:\\\/\\\/clinicadentaltxabarri.com\\\/#breadcrumb\",\"itemListElement\":[{\"@type\":\"ListItem\",\"position\":1,\"name\":\"Portada\",\"item\":\"https:\\\/\\\/clinicadentaltxabarri.com\\\/\"},{\"@type\":\"ListItem\",\"position\":2,\"name\":\"Inicio\"}]},{\"@type\":\"WebSite\",\"@id\":\"https:\\\/\\\/clinicadentaltxabarri.com\\\/#website\",\"url\":\"https:\\\/\\\/clinicadentaltxabarri.com\\\/\",\"name\":\"Cl\u00ednica Dental Txabarri\",\"description\":\"En Cl\u00ednica Dental Txabarri contamos con m\u00e1s de 20 a\u00f1os de experiencia en colocaci\u00f3n de implantes dentales\",\"publisher\":{\"@id\":\"https:\\\/\\\/clinicadentaltxabarri.com\\\/#organization\"},\"potentialAction\":[{\"@type\":\"SearchAction\",\"target\":{\"@type\":\"EntryPoint\",\"urlTemplate\":\"https:\\\/\\\/clinicadentaltxabarri.com\\\/?s={search_term_string}\"},\"query-input\":{\"@type\":\"PropertyValueSpecification\",\"valueRequired\":true,\"valueName\":\"search_term_string\"}}],\"inLanguage\":\"eu\"},{\"@type\":\"Organization\",\"@id\":\"https:\\\/\\\/clinicadentaltxabarri.com\\\/#organization\",\"name\":\"Cl\u00ednica Dental Txabarri\",\"url\":\"https:\\\/\\\/clinicadentaltxabarri.com\\\/\",\"logo\":{\"@type\":\"ImageObject\",\"inLanguage\":\"eu\",\"@id\":\"https:\\\/\\\/clinicadentaltxabarri.com\\\/#\\\/schema\\\/logo\\\/image\\\/\",\"url\":\"https:\\\/\\\/clinicadentaltxabarri.com\\\/wp-content\\\/uploads\\\/2025\\\/04\\\/logo_txabarri_0-1.png\",\"contentUrl\":\"https:\\\/\\\/clinicadentaltxabarri.com\\\/wp-content\\\/uploads\\\/2025\\\/04\\\/logo_txabarri_0-1.png\",\"width\":300,\"height\":102,\"caption\":\"Cl\u00ednica Dental Txabarri\"},\"image\":{\"@id\":\"https:\\\/\\\/clinicadentaltxabarri.com\\\/#\\\/schema\\\/logo\\\/image\\\/\"}}]}<\/script>\n<!-- \/ Yoast SEO plugin. -->","yoast_head_json":{"title":"Inicio - Cl\u00ednica Dental Txabarri","robots":{"index":"index","follow":"follow","max-snippet":"max-snippet:-1","max-image-preview":"max-image-preview:large","max-video-preview":"max-video-preview:-1"},"canonical":"https:\/\/clinicadentaltxabarri.com\/eu\/","og_locale":"en_US","og_type":"article","og_title":"Inicio - Cl\u00ednica Dental Txabarri","og_description":"Sonr\u00ede con confianza, est\u00e1s en buenas manos Sonr\u00ede con confianza, est\u00e1s en buenas manos \u00bfQuienes Somos? En Cl\u00ednica Dental Txabarri contamos con m\u00e1s de 20 a\u00f1os de experiencia en implantolog\u00eda dental. Nuestro equipo de profesionales utiliza materiales de alta calidad y tecnolog\u00eda avanzada para garantizar resultados est\u00e9ticos y funcionales. La colocaci\u00f3n de implantes combina ciencia, [&hellip;]","og_url":"https:\/\/clinicadentaltxabarri.com\/eu\/","og_site_name":"Cl\u00ednica Dental Txabarri","article_modified_time":"2025-04-22T14:18:32+00:00","og_image":[{"url":"https:\/\/clinicadentaltxabarri.com\/wp-content\/uploads\/2025\/04\/2020-11-25.jpg","type":"","width":"","height":""}],"twitter_card":"summary_large_image","twitter_misc":{"Est. reading time":"1 minutua"},"schema":{"@context":"https:\/\/schema.org","@graph":[{"@type":"WebPage","@id":"https:\/\/clinicadentaltxabarri.com\/","url":"https:\/\/clinicadentaltxabarri.com\/","name":"Inicio - Cl\u00ednica Dental Txabarri","isPartOf":{"@id":"https:\/\/clinicadentaltxabarri.com\/#website"},"primaryImageOfPage":{"@id":"https:\/\/clinicadentaltxabarri.com\/#primaryimage"},"image":{"@id":"https:\/\/clinicadentaltxabarri.com\/#primaryimage"},"thumbnailUrl":"https:\/\/clinicadentaltxabarri.com\/wp-content\/uploads\/2025\/04\/2020-11-25.jpg","datePublished":"2025-01-16T15:05:51+00:00","dateModified":"2025-04-22T14:18:32+00:00","breadcrumb":{"@id":"https:\/\/clinicadentaltxabarri.com\/#breadcrumb"},"inLanguage":"eu","potentialAction":[{"@type":"ReadAction","target":["https:\/\/clinicadentaltxabarri.com\/"]}]},{"@type":"ImageObject","inLanguage":"eu","@id":"https:\/\/clinicadentaltxabarri.com\/#primaryimage","url":"https:\/\/clinicadentaltxabarri.com\/wp-content\/uploads\/2025\/04\/2020-11-25.jpg","contentUrl":"https:\/\/clinicadentaltxabarri.com\/wp-content\/uploads\/2025\/04\/2020-11-25.jpg"},{"@type":"BreadcrumbList","@id":"https:\/\/clinicadentaltxabarri.com\/#breadcrumb","itemListElement":[{"@type":"ListItem","position":1,"name":"Portada","item":"https:\/\/clinicadentaltxabarri.com\/"},{"@type":"ListItem","position":2,"name":"Inicio"}]},{"@type":"WebSite","@id":"https:\/\/clinicadentaltxabarri.com\/#website","url":"https:\/\/clinicadentaltxabarri.com\/","name":"Hortz Klinikan","description":"En Cl\u00ednica Dental Txabarri contamos con m\u00e1s de 20 a\u00f1os de experiencia en colocaci\u00f3n de implantes dentales","publisher":{"@id":"https:\/\/clinicadentaltxabarri.com\/#organization"},"potentialAction":[{"@type":"SearchAction","target":{"@type":"EntryPoint","urlTemplate":"https:\/\/clinicadentaltxabarri.com\/?s={search_term_string}"},"query-input":{"@type":"PropertyValueSpecification","valueRequired":true,"valueName":"search_term_string"}}],"inLanguage":"eu"},{"@type":"Organization","@id":"https:\/\/clinicadentaltxabarri.com\/#organization","name":"Hortz Klinikan","url":"https:\/\/clinicadentaltxabarri.com\/","logo":{"@type":"ImageObject","inLanguage":"eu","@id":"https:\/\/clinicadentaltxabarri.com\/#\/schema\/logo\/image\/","url":"https:\/\/clinicadentaltxabarri.com\/wp-content\/uploads\/2025\/04\/logo_txabarri_0-1.png","contentUrl":"https:\/\/clinicadentaltxabarri.com\/wp-content\/uploads\/2025\/04\/logo_txabarri_0-1.png","width":300,"height":102,"caption":"Cl\u00ednica Dental Txabarri"},"image":{"@id":"https:\/\/clinicadentaltxabarri.com\/#\/schema\/logo\/image\/"}}]}},"_links":{"self":[{"href":"https:\/\/clinicadentaltxabarri.com\/eu\/wp-json\/wp\/v2\/pages\/2","targetHints":{"allow":["GET"]}}],"collection":[{"href":"https:\/\/clinicadentaltxabarri.com\/eu\/wp-json\/wp\/v2\/pages"}],"about":[{"href":"https:\/\/clinicadentaltxabarri.com\/eu\/wp-json\/wp\/v2\/types\/page"}],"author":[{"embeddable":true,"href":"https:\/\/clinicadentaltxabarri.com\/eu\/wp-json\/wp\/v2\/users\/1"}],"replies":[{"embeddable":true,"href":"https:\/\/clinicadentaltxabarri.com\/eu\/wp-json\/wp\/v2\/comments?post=2"}],"version-history":[{"count":121,"href":"https:\/\/clinicadentaltxabarri.com\/eu\/wp-json\/wp\/v2\/pages\/2\/revisions"}],"predecessor-version":[{"id":375,"href":"https:\/\/clinicadentaltxabarri.com\/eu\/wp-json\/wp\/v2\/pages\/2\/revisions\/375"}],"wp:attachment":[{"href":"https:\/\/clinicadentaltxabarri.com\/eu\/wp-json\/wp\/v2\/media?parent=2"}],"curies":[{"name":"wp","href":"https:\/\/api.w.org\/{rel}","templated":true}]}}